{"id":101,"date":"2020-03-31T22:15:03","date_gmt":"2020-03-31T20:15:03","guid":{"rendered":"http:\/\/eval.drk-ochtendung.de\/?page_id=101"},"modified":"2025-04-23T20:38:37","modified_gmt":"2025-04-23T18:38:37","slug":"blutspende","status":"publish","type":"page","link":"https:\/\/drk-ochtendung.de\/?page_id=101","title":{"rendered":"Blutspende"},"content":{"rendered":"\n<figure class=\"wp-block-image size-large\"><img loading=\"lazy\" decoding=\"async\" width=\"960\" height=\"528\" src=\"http:\/\/eval.drk-ochtendung.de\/wp-content\/uploads\/2020\/04\/blutspende_2.jpg\" alt=\"\" class=\"wp-image-142\" srcset=\"https:\/\/drk-ochtendung.de\/wp-content\/uploads\/2020\/04\/blutspende_2.jpg 960w, https:\/\/drk-ochtendung.de\/wp-content\/uploads\/2020\/04\/blutspende_2-300x165.jpg 300w, https:\/\/drk-ochtendung.de\/wp-content\/uploads\/2020\/04\/blutspende_2-768x422.jpg 768w\" sizes=\"auto, (max-width: 767px) 89vw, (max-width: 1000px) 54vw, (max-width: 1071px) 543px, 580px\" \/><\/figure>\n\n\n\n<p>T\u00e4glich werden ca. 15.000 Blutspenden f\u00fcr die Versorgung von kranken und verletzten Menschen in Deutschland ben\u00f6tigt. <br>Dabei ist auch heute trotz allen Fortschrittes in der Medizin die Blutkonserve aus Spenden ein unverzichtbarer Teil in vielen Behandlungsbereichen.<br> Ohne Blutspende keine Blutkonserve, ohne Blutkonserve keine Operation  und damit vielleicht keine Aussicht auf Heilung oder Leben.<br>Unser Ortsverein organisiert in Zusammenarbeit mit dem DRK-Blutspendedienst West pro Jahr bis zu f\u00fcnf Blutspenden. <br><br>Diese finden in der <strong>Kulturhalle in Ochtendung<\/strong> statt.<br> <br>Mehr Informationen <a href=\"http:\/\/www.blutspendedienst-west.de\/\" target=\"_blank\" rel=\"noopener noreferrer\">auf der Seite des Bluspendedienst West<\/a><br><br><strong>Unsere zuk\u00fcnftigen Blutspendetermine: <\/strong><\/p>\n\n\n\n<ul class=\"wp-block-list\">\n<li>07.05.2025<\/li>\n\n\n\n<li>23.07.2025<\/li>\n\n\n\n<li>22.10.2025<\/li>\n<\/ul>\n\n\n\n<p><\/p>\n","protected":false},"excerpt":{"rendered":"<p>T\u00e4glich werden ca. 15.000 Blutspenden f\u00fcr die Versorgung von kranken und verletzten Menschen in Deutschland ben\u00f6tigt. Dabei ist auch heute trotz allen Fortschrittes in der Medizin die Blutkonserve aus Spenden ein unverzichtbarer Teil in vielen Behandlungsbereichen. Ohne Blutspende keine Blutkonserve, ohne Blutkonserve keine Operation und damit vielleicht keine Aussicht auf Heilung oder Leben.Unser Ortsverein organisiert &hellip; <\/p>\n<p class=\"link-more\"><a href=\"https:\/\/drk-ochtendung.de\/?page_id=101\" class=\"more-link\"><span class=\"screen-reader-text\">\u201eBlutspende\u201c <\/span>weiterlesen<\/a><\/p>\n","protected":false},"author":1,"featured_media":0,"parent":0,"menu_order":0,"comment_status":"closed","ping_status":"closed","template":"","meta":{"footnotes":""},"class_list":["post-101","page","type-page","status-publish","hentry"],"_links":{"self":[{"href":"https:\/\/drk-ochtendung.de\/index.php?rest_route=\/wp\/v2\/pages\/101","targetHints":{"allow":["GET"]}}],"collection":[{"href":"https:\/\/drk-ochtendung.de\/index.php?rest_route=\/wp\/v2\/pages"}],"about":[{"href":"https:\/\/drk-ochtendung.de\/index.php?rest_route=\/wp\/v2\/types\/page"}],"author":[{"embeddable":true,"href":"https:\/\/drk-ochtendung.de\/index.php?rest_route=\/wp\/v2\/users\/1"}],"replies":[{"embeddable":true,"href":"https:\/\/drk-ochtendung.de\/index.php?rest_route=%2Fwp%2Fv2%2Fcomments&post=101"}],"version-history":[{"count":10,"href":"https:\/\/drk-ochtendung.de\/index.php?rest_route=\/wp\/v2\/pages\/101\/revisions"}],"predecessor-version":[{"id":437,"href":"https:\/\/drk-ochtendung.de\/index.php?rest_route=\/wp\/v2\/pages\/101\/revisions\/437"}],"wp:attachment":[{"href":"https:\/\/drk-ochtendung.de\/index.php?rest_route=%2Fwp%2Fv2%2Fmedia&parent=101"}],"curies":[{"name":"wp","href":"https:\/\/api.w.org\/{rel}","templated":true}]}}