{"id":117,"date":"2020-03-31T22:16:41","date_gmt":"2020-03-31T20:16:41","guid":{"rendered":"http:\/\/eval.drk-ochtendung.de\/?page_id=117"},"modified":"2025-04-23T20:37:45","modified_gmt":"2025-04-23T18:37:45","slug":"aktives-mitglied-werden","status":"publish","type":"page","link":"https:\/\/drk-ochtendung.de\/?page_id=117","title":{"rendered":"Aktives Mitglied werden!"},"content":{"rendered":"\n<p>Im DRK Ochtendung haben Sie folgende M\u00f6glichkeiten aktiv mit zu wirken:<\/p>\n\n\n\n<p><strong>Als Sanit\u00e4ter\/in in der Bereitschaft:<\/strong><\/p>\n\n\n\n<p>Als Helfer auf Sanit\u00e4tsdiensten leisten Sie nach einer guten und f\u00fcr Sie kostenlosen Ausbildung zum Sanit\u00e4tshelfer Erste Hilfe bei kleinen und gro\u00dfen Verletzungen.<br>Um nicht aus der \u00dcbung zu kommen, findet zweimal im Monat ein \u00dcbungsabend statt.<br>Hier werden Kenntnisse vertieft und wieder aufgefrischt.<br>Auch haben Sie die M\u00f6glichkeit, sich bei Interesse im Katastrophenschutz zu engagieren und an \u00dcbungen des DRK, mit der Feuerwehr, dem THW oder auch der Rettungshundestaffel teilzunehmen.<br>Bei Interesse kontaktieren Sie uns gern jederzeit unter der E-Mail Adresse: bl@drk-ochtendung.de<\/p>\n\n\n\n<p><strong>Als Helfer\/in bei der Blutspende:<\/strong><\/p>\n\n\n\n<p>Das regelm\u00e4\u00dfige Durchf\u00fchren von Blutspenden ist eine der zentralen Aufgaben unseres Ortsvereins.<br>Dabei ben\u00f6tigen wir nat\u00fcrlich die Hilfe ehrenamtlicher Mitglieder, sei es beim Auf- und Abbau, der Betreuung und Verpflegung oder im Spenderraum selbst. <br>Helfen sie direkt mit, die Blutversorgung von Kranken und Verletzten sicher zu stellen.<\/p>\n\n\n\n<p>Nat\u00fcrlich m\u00fcssen Sie sich nicht auf einen Teilbereich beschr\u00e4nken.<br>Als aktives Mitglied k\u00f6nnen Sie, je nach Interessenlage einen Beitrag in einem oder mehreren unserer Aufgabenfelder leisten.<br>Helfen sie mit, denn im DRK \u201eopfern\u201c sie nicht einfach ihre Freizeit, sondern bringen sich sinnvoll und aktiv in einem Team ein, dass in Ochtendung seit 1927 das Abenteuer Menschlichkeit erlebt.<\/p>\n\n\n\n<p><br><\/p>\n","protected":false},"excerpt":{"rendered":"<p>Im DRK Ochtendung haben Sie folgende M\u00f6glichkeiten aktiv mit zu wirken: Als Sanit\u00e4ter\/in in der Bereitschaft: Als Helfer auf Sanit\u00e4tsdiensten leisten Sie nach einer guten und f\u00fcr Sie kostenlosen Ausbildung zum Sanit\u00e4tshelfer Erste Hilfe bei kleinen und gro\u00dfen Verletzungen.Um nicht aus der \u00dcbung zu kommen, findet zweimal im Monat ein \u00dcbungsabend statt.Hier werden Kenntnisse vertieft &hellip; <\/p>\n<p class=\"link-more\"><a href=\"https:\/\/drk-ochtendung.de\/?page_id=117\" class=\"more-link\"><span class=\"screen-reader-text\">\u201eAktives Mitglied werden!\u201c <\/span>weiterlesen<\/a><\/p>\n","protected":false},"author":1,"featured_media":0,"parent":0,"menu_order":0,"comment_status":"closed","ping_status":"closed","template":"","meta":{"footnotes":""},"class_list":["post-117","page","type-page","status-publish","hentry"],"_links":{"self":[{"href":"https:\/\/drk-ochtendung.de\/index.php?rest_route=\/wp\/v2\/pages\/117","targetHints":{"allow":["GET"]}}],"collection":[{"href":"https:\/\/drk-ochtendung.de\/index.php?rest_route=\/wp\/v2\/pages"}],"about":[{"href":"https:\/\/drk-ochtendung.de\/index.php?rest_route=\/wp\/v2\/types\/page"}],"author":[{"embeddable":true,"href":"https:\/\/drk-ochtendung.de\/index.php?rest_route=\/wp\/v2\/users\/1"}],"replies":[{"embeddable":true,"href":"https:\/\/drk-ochtendung.de\/index.php?rest_route=%2Fwp%2Fv2%2Fcomments&post=117"}],"version-history":[{"count":6,"href":"https:\/\/drk-ochtendung.de\/index.php?rest_route=\/wp\/v2\/pages\/117\/revisions"}],"predecessor-version":[{"id":436,"href":"https:\/\/drk-ochtendung.de\/index.php?rest_route=\/wp\/v2\/pages\/117\/revisions\/436"}],"wp:attachment":[{"href":"https:\/\/drk-ochtendung.de\/index.php?rest_route=%2Fwp%2Fv2%2Fmedia&parent=117"}],"curies":[{"name":"wp","href":"https:\/\/api.w.org\/{rel}","templated":true}]}}