{"id":18,"date":"2020-03-31T20:26:23","date_gmt":"2020-03-31T18:26:23","guid":{"rendered":"http:\/\/eval.drk-ochtendung.de\/?page_id=18"},"modified":"2024-09-17T10:10:15","modified_gmt":"2024-09-17T08:10:15","slug":"startseite","status":"publish","type":"page","link":"https:\/\/drk-ochtendung.de\/","title":{"rendered":"Willkommen"},"content":{"rendered":"\n<p>Willkommen auf der Webpr\u00e4senz des DRK Ortsverein Ochtendung e.V.<br>Wir m\u00f6chten Sie auf dieser Webseite \u00fcber unsere Aktivit\u00e4ten und ehrenamtlichen Aufgaben informieren.<\/p>\n\n\n","protected":false},"excerpt":{"rendered":"<p>Willkommen auf der Webpr\u00e4senz des DRK Ortsverein Ochtendung e.V.Wir m\u00f6chten Sie auf dieser Webseite \u00fcber unsere Aktivit\u00e4ten und ehrenamtlichen Aufgaben informieren.<\/p>\n","protected":false},"author":1,"featured_media":0,"parent":0,"menu_order":0,"comment_status":"closed","ping_status":"closed","template":"","meta":{"footnotes":""},"class_list":["post-18","page","type-page","status-publish","hentry"],"_links":{"self":[{"href":"https:\/\/drk-ochtendung.de\/index.php?rest_route=\/wp\/v2\/pages\/18","targetHints":{"allow":["GET"]}}],"collection":[{"href":"https:\/\/drk-ochtendung.de\/index.php?rest_route=\/wp\/v2\/pages"}],"about":[{"href":"https:\/\/drk-ochtendung.de\/index.php?rest_route=\/wp\/v2\/types\/page"}],"author":[{"embeddable":true,"href":"https:\/\/drk-ochtendung.de\/index.php?rest_route=\/wp\/v2\/users\/1"}],"replies":[{"embeddable":true,"href":"https:\/\/drk-ochtendung.de\/index.php?rest_route=%2Fwp%2Fv2%2Fcomments&post=18"}],"version-history":[{"count":10,"href":"https:\/\/drk-ochtendung.de\/index.php?rest_route=\/wp\/v2\/pages\/18\/revisions"}],"predecessor-version":[{"id":398,"href":"https:\/\/drk-ochtendung.de\/index.php?rest_route=\/wp\/v2\/pages\/18\/revisions\/398"}],"wp:attachment":[{"href":"https:\/\/drk-ochtendung.de\/index.php?rest_route=%2Fwp%2Fv2%2Fmedia&parent=18"}],"curies":[{"name":"wp","href":"https:\/\/api.w.org\/{rel}","templated":true}]}}