{"id":71,"date":"2020-03-31T21:34:16","date_gmt":"2020-03-31T19:34:16","guid":{"rendered":"http:\/\/eval.drk-ochtendung.de\/?page_id=71"},"modified":"2026-02-19T22:13:56","modified_gmt":"2026-02-19T21:13:56","slug":"einsatzaufforderung","status":"publish","type":"page","link":"https:\/\/drk-ochtendung.de\/?page_id=71","title":{"rendered":"Sie brauchen uns f\u00fcr ihre Veranstaltung?"},"content":{"rendered":"\n<p><\/p>\n\n\n\n<p>Ihr plant eine Sport-, Gro\u00df- oder \u00f6ffentliche Veranstaltung und braucht Unterst\u00fctzung durch unsere fachlich kompetenten Helfer?<br>Dann folge den nachfolgenden  <strong>drei Schritten<\/strong>:<\/p>\n\n\n\n<p><\/p>\n\n\n\n<ul class=\"wp-block-list\">\n<li><strong>Schritt 1:<\/strong> Eintragen der Angaben zur Veranstaltung mit nachfolgendem Button<\/li>\n<\/ul>\n\n\n\n<form method=\"get\" action=\"https:\/\/www.hiorg-server.de\/sanform.php?ov=ovo&amp;fromextern=1\" target=\u201e_blank\u201c>\n         <input type=\"submit\" value=\"Einsatzaufforderung!\"> \n<\/form>\n<br>\n\n\n\n<ul class=\"wp-block-list\">\n<li><strong>Schritt 2:<\/strong>  Brief ausdrucken und unterschreiben<br>Die Dienstanforderung muss uns aus rechtlichen Gr\u00fcnden im unterschriebenen Original vorliegen. <\/li>\n<\/ul>\n\n\n\n<ul class=\"wp-block-list\">\n<li><strong>Schritt 3:<\/strong>   Ausgedruckter Brief per Post an:  <\/li>\n<\/ul>\n\n\n\n<p><strong> D<\/strong><em><strong>RK Ochtendung e.V.<\/strong><br> <strong>Bereitschaftsleitung<\/strong><br> <strong>Auf\u2019m Zisselborn 22<br> 56299 Ochtendung <\/strong><\/em><\/p>\n\n\n\n<p>Bitte beachten Sie, dass uns die Dienstanforderung <strong>sp\u00e4testens 4 Wochen<\/strong> vor der Veranstaltung vorliegen muss.<br>In kurzfristigen F\u00e4llen melden Sie sich bei:<\/p>\n\n\n\n<figure class=\"wp-block-table\"><table><tbody><tr><td>Anna Wiechmann<\/td><td>Philipp Liesenfeld<\/td><td>Dominik J\u00fcnger<\/td><\/tr><tr><td>bl@drk-ochtendung.de<\/td><td>bl@drk-ochtendung.de<\/td><td>bl@drk-ochtendung.de<\/td><\/tr><\/tbody><\/table><\/figure>\n\n\n\n<p><\/p>\n\n\n\n<p>Vielen Dank f\u00fcr Ihren Auftrag.<\/p>\n\n\n\n<p><a rel=\"noreferrer noopener\" href=\"http:\/\/www.sandienst.drk-ochtendung.de\" target=\"_blank\"><\/a><\/p>\n\n\n\n<p><\/p>\n\n\n\n<p><\/p>\n","protected":false},"excerpt":{"rendered":"<p>Ihr plant eine Sport-, Gro\u00df- oder \u00f6ffentliche Veranstaltung und braucht Unterst\u00fctzung durch unsere fachlich kompetenten Helfer?Dann folge den nachfolgenden drei Schritten: DRK Ochtendung e.V. Bereitschaftsleitung Auf\u2019m Zisselborn 22 56299 Ochtendung Bitte beachten Sie, dass uns die Dienstanforderung sp\u00e4testens 4 Wochen vor der Veranstaltung vorliegen muss.In kurzfristigen F\u00e4llen melden Sie sich bei: Anna Wiechmann Philipp Liesenfeld &hellip; <\/p>\n<p class=\"link-more\"><a href=\"https:\/\/drk-ochtendung.de\/?page_id=71\" class=\"more-link\"><span class=\"screen-reader-text\">\u201eSie brauchen uns f\u00fcr ihre Veranstaltung?\u201c <\/span>weiterlesen<\/a><\/p>\n","protected":false},"author":1,"featured_media":0,"parent":0,"menu_order":0,"comment_status":"closed","ping_status":"closed","template":"","meta":{"footnotes":""},"class_list":["post-71","page","type-page","status-publish","hentry"],"_links":{"self":[{"href":"https:\/\/drk-ochtendung.de\/index.php?rest_route=\/wp\/v2\/pages\/71","targetHints":{"allow":["GET"]}}],"collection":[{"href":"https:\/\/drk-ochtendung.de\/index.php?rest_route=\/wp\/v2\/pages"}],"about":[{"href":"https:\/\/drk-ochtendung.de\/index.php?rest_route=\/wp\/v2\/types\/page"}],"author":[{"embeddable":true,"href":"https:\/\/drk-ochtendung.de\/index.php?rest_route=\/wp\/v2\/users\/1"}],"replies":[{"embeddable":true,"href":"https:\/\/drk-ochtendung.de\/index.php?rest_route=%2Fwp%2Fv2%2Fcomments&post=71"}],"version-history":[{"count":10,"href":"https:\/\/drk-ochtendung.de\/index.php?rest_route=\/wp\/v2\/pages\/71\/revisions"}],"predecessor-version":[{"id":462,"href":"https:\/\/drk-ochtendung.de\/index.php?rest_route=\/wp\/v2\/pages\/71\/revisions\/462"}],"wp:attachment":[{"href":"https:\/\/drk-ochtendung.de\/index.php?rest_route=%2Fwp%2Fv2%2Fmedia&parent=71"}],"curies":[{"name":"wp","href":"https:\/\/api.w.org\/{rel}","templated":true}]}}